{"id":2458,"date":"2020-05-10T19:59:47","date_gmt":"2020-05-10T18:59:47","guid":{"rendered":"https:\/\/hybridgo.es\/store\/?page_id=2458"},"modified":"2020-05-10T19:59:49","modified_gmt":"2020-05-10T18:59:49","slug":"cookies-privacidad","status":"publish","type":"page","link":"https:\/\/hybridgo.es\/store\/cookies-privacidad\/","title":{"rendered":"Cookies &#038; Privacidad"},"content":{"rendered":"<p><strong><em>POLITICA DE COOKIES<\/em><\/strong><\/p><p><em>Una&nbsp;cookie&nbsp;es un peque\u00f1o fichero de texto que se almacena en su navegador cuando visita casi cualquier p\u00e1gina web. Su utilidad es que la web sea capaz de recordar su visita cuando vuelva a navegar por esa p\u00e1gina. Las&nbsp;cookies&nbsp;suelen almacenar informaci\u00f3n de car\u00e1cter t\u00e9cnico, preferencias personales, personalizaci\u00f3n de contenidos, estad\u00edsticas de uso, enlaces a redes sociales, acceso a cuentas de usuario, etc. El objetivo de la&nbsp;cookie&nbsp;es adaptar el contenido de la web a su perfil y necesidades, sin&nbsp;cookies&nbsp;los servicios ofrecidos por cualquier p\u00e1gina se ver\u00edan mermados notablemente. Si desea consultar m\u00e1s informaci\u00f3n sobre qu\u00e9 son las&nbsp;cookies, qu\u00e9 almacenan, c\u00f3mo eliminarlas, desactivarlas, etc.,&nbsp;<a href=\"https:\/\/lilaton.es\/mas-informacion-sobre-las-cookies\/\"><em>le rogamos se dirija a este enlace.<\/em><\/a><\/em><\/p><p><em>Cookies utilizadas en este sitio web<\/em><\/p><p><em>Siguiendo las directrices de la Agencia Espa\u00f1ola de Protecci\u00f3n de Datos procedemos a detallar el uso de&nbsp;cookies&nbsp;que hace esta web con el fin de informarle con la m\u00e1xima exactitud posible.<\/em><\/p><p><em>Este sitio web utiliza las siguientes&nbsp;<strong>cookies propias<\/strong>:<\/em><\/p><ul><li><em>Cookies de sesi\u00f3n, para garantizar que los usuarios que escriban comentarios en el blog sean humanos y no aplicaciones automatizadas. De esta forma se combate el&nbsp;spam.<\/em><\/li><\/ul><p><em>Este sitio web utiliza las siguientes&nbsp;<strong>cookies de terceros<\/strong>:<\/em><\/p><ul><li><em>Google&nbsp;Analytics: Almacena&nbsp;cookies&nbsp;para poder elaborar estad\u00edsticas sobre el tr\u00e1fico y volumen de visitas de esta web. Al utilizar este sitio web est\u00e1 consintiendo el tratamiento de informaci\u00f3n acerca de usted por Google. Por tanto, el ejercicio de cualquier derecho en este sentido deber\u00e1 hacerlo comunicando directamente con Google.<\/em><\/li><li><em>Redes sociales: Cada red social utiliza sus propias&nbsp;cookies&nbsp;para que usted pueda pinchar en botones del tipo&nbsp;Me gusta&nbsp;o&nbsp;Compartir.<\/em><\/li><\/ul><p><em>Desactivaci\u00f3n o eliminaci\u00f3n de cookies<\/em><\/p><p><em>En cualquier momento podr\u00e1 ejercer su derecho de desactivaci\u00f3n o eliminaci\u00f3n de cookies de este sitio web. Estas acciones se realizan de forma diferente en funci\u00f3n del navegador que est\u00e9 usando.&nbsp;<a href=\"https:\/\/lilaton.es\/mas-informacion-sobre-las-cookies\/#navegadores\"><em>Aqu\u00ed le dejamos una gu\u00eda r\u00e1pida para los navegadores m\u00e1s populares&nbsp;<\/em><\/a>.<\/em><\/p><p><strong><em>Notas adicionales<\/em><\/strong><\/p><ul><li><em>Ni esta web ni sus representantes legales se hacen responsables ni del contenido ni de la veracidad de las pol\u00edticas de privacidad que puedan tener los terceros mencionados en esta pol\u00edtica de\u00a0cookies.<\/em><\/li><li><em>Los navegadores web son las herramientas encargadas de almacenar las\u00a0cookies\u00a0y desde este lugar debe efectuar su derecho a eliminaci\u00f3n o desactivaci\u00f3n de\u00a0las mismas. Ni esta web ni sus representantes legales pueden garantizar la correcta o incorrecta manipulaci\u00f3n de las\u00a0cookies\u00a0por parte de los mencionados navegadores.<\/em><\/li><li><em>En algunos casos es necesario instalar\u00a0cookies\u00a0para que el navegador no olvide su decisi\u00f3n de no aceptaci\u00f3n de\u00a0las mismas.<\/em><\/li><li><em>En el caso de las\u00a0cookies\u00a0de Google\u00a0Analytics, esta empresa almacena las\u00a0cookies\u00a0en servidores ubicados en Estados Unidos y se compromete a no compartirla con terceros, excepto en los casos en los que sea necesario para el funcionamiento del sistema o cuando la ley obligue a tal efecto. Seg\u00fan Google no guarda su direcci\u00f3n IP. Google Inc. es una compa\u00f1\u00eda adherida al Acuerdo de Puerto Seguro que garantiza que todos los datos transferidos ser\u00e1n tratados con un nivel de protecci\u00f3n acorde a la normativa europea. Puede consultar informaci\u00f3n detallada a este respecto\u00a0<a rel=\"noreferrer noopener\" href=\"https:\/\/safeharbor.export.gov\/companyinfo.aspx?id=16626\" target=\"_blank\"><em>en este enlace<\/em><\/a>. Si desea informaci\u00f3n sobre el uso que Google da a las cookies\u00a0<a rel=\"noreferrer noopener\" href=\"https:\/\/developers.google.com\/analytics\/devguides\/collection\/analyticsjs\/cookie-usage?hl=es&amp;csw=1\" target=\"_blank\"><em>le adjuntamos este otro enlace<\/em><\/a>.<\/em><\/li><li><em>Para cualquier duda o consulta acerca de esta pol\u00edtica de\u00a0cookies\u00a0no dude en comunicarse con nosotros a trav\u00e9s de la secci\u00f3n de contacto.<\/em><\/li><\/ul><p><\/p><p><strong><em>POLITICA DE PRIVACIDA Y PROTECCION DE DATOS<\/em><\/strong><\/p><p><em><strong>1.\u2013 \u00bfQui\u00e9n es el responsable del tratamiento de sus datos?<\/strong><\/em><\/p><p><em>El responsable del tratamiento de sus datos personales es Toben Trading&nbsp;Group&nbsp;S.L,(en adelante, \u201c&nbsp;<\/em><strong><em>LA EMPRESA<\/em>&nbsp;<\/strong><em>\u201d), con CIF. B65872277, y domicilio social en C\/ Arag\u00f3n 604 08018 Barcelona&nbsp;Spain.<\/em><\/p><p><em>Le informamos que la titularidad del dominio de nuestra web www.Bikes.Barcelona  <em>www.BikesBcn.com <\/em> www.Bikes-Barcelona.com (en adelante el \u201cSitio Web\u201d), es de LA EMPRESA.<\/em><\/p><p><em>El acceso y\/o uso al Sitio Web le atribuye la condici\u00f3n de Usuario (en adelante, el \u201cUsuario\u201d), e implica la aceptaci\u00f3n, desde dicho acceso y\/o uso, de la presente Pol\u00edtica de Privacidad.<\/em><\/p><p><em>El Usuario podr\u00e1 contactar con LA EMPRESA en la siguiente direcci\u00f3n de correo electr\u00f3nico: comercial@bikesbcn.com<\/em><\/p><p><em><strong>2.\u00a0\u2013 \u00bfPor qu\u00e9\u00a0LA EMPRESA\u00a0est\u00e1 legitimado para llevar a cabo el tratamiento de datos<\/strong><\/em><strong><em>?<\/em><\/strong><\/p><p><em>LA EMPRESA est\u00e1 legitimado para tratar sus datos para poder llevar a cabo la prestaci\u00f3n de sus servicios.<\/em><\/p><p><em>LA EMPRESA se toma muy en serio la protecci\u00f3n de su privacidad y de sus datos personales. Por lo tanto, su informaci\u00f3n personal se conserva de forma segura y se trata con el m\u00e1ximo cuidado.<\/em><\/p><p><em>La presente Pol\u00edtica de Privacidad regula el acceso y el uso al servicio (en adelante, el \u201cServicio\u201d) que LA EMPRESA pone a disposici\u00f3n del Usuario interesado en los servicios y Contenidos alojados en el Sitio Web.<\/em><\/p><p><em>De conformidad con lo establecido en la normativa de protecci\u00f3n de datos aplicable, as\u00ed como, en su caso, en la normativa de desarrollo, LA EMPRESA, titular de este Sitio Web, informa al Usuario de la existencia de un fichero automatizado de datos de car\u00e1cter personal, debidamente inscrito en el Registro General de la Agencia Espa\u00f1ola de Protecci\u00f3n de Datos, creado por LA EMPRESA bajo su responsabilidad.<\/em><\/p><p><strong><em>3.-\u00bfCu\u00e1les son&nbsp;las finalidades del tratamiento de sus datos de car\u00e1cter personal&nbsp;por parte de LA EMPRESA?<\/em><\/strong><em><\/em><\/p><p><em>3.a Tratamiento de datos de car\u00e1cter personal por parte de LA EMPRESA<\/em><em><\/em><\/p><p><em>Sus datos de car\u00e1cter personal recabados por LA EMPRESA podr\u00e1n ser utilizados para las siguientes finalidades:<\/em><\/p><p><em>\u00b7&nbsp;&nbsp;&nbsp;&nbsp;&nbsp;&nbsp;&nbsp;&nbsp;<\/em><em>Enviar informaci\u00f3n detallada sobre los congresos y eventos que LA EMPRESA organice.<\/em><\/p><p><em>\u00b7&nbsp;&nbsp;&nbsp;&nbsp;&nbsp;&nbsp;&nbsp;&nbsp;<\/em><em>Enviar comunicaciones comerciales y&nbsp;Newsletters&nbsp;de LA EMPRESA sobre sus servicios mediante carta, tel\u00e9fono, correo electr\u00f3nico, SMS\/MMS, o por otros medios de comunicaci\u00f3n electr\u00f3nica equivalentes siempre y cuando el Usuario haya consentido el tratamiento de sus datos personales con esta finalidad.<\/em><\/p><p><em>Asimismo, el Usuario consiente el tratamiento de sus datos para la elaboraci\u00f3n de perfiles, as\u00ed como para la segmentaci\u00f3n de sus datos. Los citados tratamientos pueden tener como finalidad tanto el an\u00e1lisis y realizaci\u00f3n de estad\u00edsticas para conocer el tr\u00e1fico y utilizaci\u00f3n del Sitio Web por parte de los Usuarios, como la determinaci\u00f3n de sus gustos y preferencias para remitirle informaci\u00f3n promocional acorde con sus intereses.<\/em><\/p><p><em>3.b Remisi\u00f3n de comunicaciones comerciales por cuenta de terceros<\/em><em><\/em><\/p><p><em>LA EMPRESA podr\u00e1 tratar sus datos, siempre y cuando haya aceptado este tratamiento de datos personales para enviarle por carta, tel\u00e9fono, correo electr\u00f3nico, SMS\/MMS, o por otros medios de comunicaci\u00f3n electr\u00f3nica equivalentes, comunicaciones comerciales o informaci\u00f3n de empresas relacionadas con los con los siguientes sectores:&nbsp;<\/em><\/p><p><em>&nbsp;&nbsp;&nbsp;&nbsp;&nbsp;&nbsp;&nbsp;&nbsp;&nbsp;&nbsp;&nbsp;&nbsp;&nbsp;&nbsp;Bicicletas y&nbsp;Vehiculos&nbsp;de movilidad Personal<\/em><\/p><p><em>3.c) Cesiones de datos a terceras empresas<\/em><em><\/em><\/p><p><em>Sus datos podr\u00e1n ser cedidos a empresas patrocinadoras de los eventos organizados por LA EMPRESA.<\/em><\/p><p><em>La finalidad de la cesi\u00f3n ser\u00e1 el env\u00edo, por carta, tel\u00e9fono, correo electr\u00f3nico, SMS\/MMS, o por otros medios de comunicaci\u00f3n electr\u00f3nica equivalentes por parte de estas empresas de informaci\u00f3n y comunicaciones comerciales que puedan resultar de su inter\u00e9s.<\/em><\/p><p><em>No obstante, el Usuario podr\u00e1 revocar el consentimiento, en cada comunicado comercial o publicitario que se le haga llegar, y en cualquier momento, mediante notificaci\u00f3n en la siguiente direcci\u00f3n de correo electr\u00f3nico\u00a0<em>comercial@bikesbcn.com<\/em>\u00a0o mediante carta dirigida a\u00a0Toben Trading\u00a0Group\u00a0S.L. con domicilio<\/em> <em>en\u00a0C\/ Arag\u00f3n 604\u00a0\u00a0\u00a008018 Barcelona\u00a0<\/em><\/p><p><strong><em>4.- Veracidad de los datos facilitados por los Usuarios<\/em><\/strong><em><\/em><\/p><p><em>El Usuario garantiza que los datos personales facilitados son veraces y se hace responsable de comunicar a LA EMPRESA cualquier modificaci\u00f3n de&nbsp;los mismos. El Usuario responder\u00e1, en cualquier caso, de la veracidad de los datos facilitados, reserv\u00e1ndose LA EMPRESA el derecho a excluir de los Servicios registrados a todo Usuario que haya facilitado datos falsos, sin perjuicio de las dem\u00e1s acciones que procedan en Derecho.<\/em><\/p><p><strong><em>5.-Conservaci\u00f3n de los datos<\/em><\/strong><em><\/em><\/p><p><em>Los datos personales proporcionados se conservar\u00e1n por parte de LA EMPRESA mientras esta los considere necesarios&nbsp;\u00f3&nbsp;el Usuario no manifieste su voluntad de darse de baja de los servicios de LA EMPRESA, y ello con la finalidad de recibir informaci\u00f3n sobre productos de la empresa.<\/em><\/p><p><strong><em>6.- Derechos del Usuario en relaci\u00f3n con sus&nbsp;datos<\/em><\/strong><em><\/em><\/p><p><em>El Usuario tiene derecho a (I) acceder a sus datos personales, as\u00ed como a (II) solicitar la rectificaci\u00f3n de los datos inexactos o, en su caso, solicitar su (III) supresi\u00f3n, (IV) solicitar la limitaci\u00f3n del tratamiento de sus datos, (V) oponerse al tratamiento de sus datos y (VI) solicitar su portabilidad. Adem\u00e1s, el Usuario podr\u00e1 ejercer su (VII) derecho al olvido.<\/em><\/p><p><em>El Usuario puede ejercer todos estos derechos en la siguiente direcci\u00f3n de\u00a0<\/em><a href=\"mailto:hybridgo@hybridgo.es\"><em><em>comercial@bikesbcn.com<\/em><\/em>\u00a0<\/a><em>indicando el motivo de su petici\u00f3n y aportando una copia de su D.N.I.<\/em><\/p><p><em>El Usuario puede tambi\u00e9n enviar su petici\u00f3n por correo ordinario a la siguiente direcci\u00f3n:&nbsp;<\/em><em>C\/ Arag\u00f3n 604&nbsp;&nbsp;&nbsp;08018 Barcelona&nbsp;Spain&nbsp;<\/em><em>.<\/em><\/p><p><em>Sin perjuicio de cualquier otro recurso administrativo o acci\u00f3n judicial, el Usuario tendr\u00e1 derecho a presentar una reclamaci\u00f3n ante una Autoridad de Control, en particular en el Estado miembro en el que tenga su residencia habitual, lugar de trabajo o lugar de la supuesta infracci\u00f3n, en caso de que considere que el tratamiento de sus datos personales no es adecuado a la normativa, as\u00ed como en el caso de no ver satisfecho el ejercicio de sus derechos. La autoridad de control ante la que se haya presentado la reclamaci\u00f3n informar\u00e1 al reclamante sobre el curso y el resultado de la reclamaci\u00f3n.<\/em><\/p><p><strong><em>7.- Seguridad de los datos<\/em><\/strong><em><\/em><\/p><p><em>La protecci\u00f3n de la privacidad y los datos personales de los Usuarios es muy importante para LA EMPRESA. Por lo tanto, LA EMPRESA hace todo lo que est\u00e1 en su mano para impedir que sus datos se utilicen de forma inadecuada, permitiendo el acceso a los mismo \u00fanicamente a personal autorizado.<\/em><\/p><p><em>LA EMPRESA mantiene los niveles de seguridad de protecci\u00f3n de datos personales conforme a la normativa aplicable y ha establecido todos los medios t\u00e9cnicos a su alcance para evitar la p\u00e9rdida, mal uso, alteraci\u00f3n, acceso no autorizado y robo de los datos que el Usuario facilite a trav\u00e9s del Sitio Web, sin perjuicio de informarle de que las medidas de seguridad en Internet no son inexpugnables.<\/em><\/p><p><em>LA EMPRESA se compromete a cumplir con el deber de secreto y confidencialidad respecto de los datos personales de acuerdo con la legislaci\u00f3n aplicable, as\u00ed como a conferirles un tratamiento seguro en las cesiones y transferencias internacionales de datos que, en su caso, puedan producirse.<\/em><\/p><p><em>En aquellos servicios de la web que precisen registrarse como Usuario, se deber\u00e1 elegir una contrase\u00f1a. El Usuario es el responsable de mantener la confidencialidad de esta contrase\u00f1a, as\u00ed como de todas las actividades que ocurran en la sesi\u00f3n iniciada con su nombre y contrase\u00f1a. El Usuario se compromete a notificar a LA EMPRESA a la mayor brevedad el uso no autorizado de su nombre de Usuario y\/o contrase\u00f1a o cualquier otro fallo en la seguridad. LA EMPRESA no ser\u00e1 responsable por los da\u00f1os o p\u00e9rdidas que se pudieran originar debido al no cumplimiento de esta obligaci\u00f3n por parte del Usuario.<\/em><\/p><p><strong><em>8.-Cambios<\/em><\/strong><em><\/em><\/p><p><em>LA EMPRESA se reserva el derecho de revisar su Pol\u00edtica de Privacidad en el momento que considere oportuno. Por esta raz\u00f3n, le rogamos que compruebe de forma regular esta Pol\u00edtica de Privacidad para leer la versi\u00f3n m\u00e1s reciente de la misma. &nbsp;No obstante, cualquier cambio que se produzca en la presente Pol\u00edtica de Privacidad se comunicar\u00e1 al Usuario.<\/em><\/p><p><strong><em>&nbsp;&nbsp;&nbsp;&nbsp;&nbsp; 9.- Links a p\u00e1ginas web<\/em><\/strong><em><\/em><\/p><p><em>El Sitio Web de LA EMPRESA podr\u00eda contener links a p\u00e1ginas web de compa\u00f1\u00edas y entidades de terceros.<\/em><\/p><p><em>LA EMPRESA no puede hacerse responsable de la forma en la que estas compa\u00f1\u00edas tratan la protecci\u00f3n de la privacidad y de los datos personales, por lo que le aconsejamos que lea detenidamente las declaraciones de Pol\u00edtica de Privacidad de estas p\u00e1ginas web que no son propiedad de LA EMPRESA con relaci\u00f3n al uso, procesamiento y protecci\u00f3n de datos personales. Las condiciones que ofrecen estas p\u00e1ginas web pueden no ser las mismas que las que ofrece LA EMPRESA.<\/em><\/p><p><strong><em>10.- Preguntas<\/em><\/strong><em><\/em><\/p><p><em>Si tienen alguna pregunta sobre esta Pol\u00edtica de Privacidad o el tratamiento de sus datos rogamos que se ponga en contacto con LA EMPRESA mediante correo electr\u00f3nico dirigido a la siguiente direcci\u00f3n de correo electr\u00f3nico:\u00a0<em>comercial@bikesbcn.com<\/em><\/em><\/p><p><strong><em>11.- Aceptaci\u00f3n y Consentimiento<\/em><\/strong><em><\/em><\/p><p><em>El Usuario declara haber sido informado de las condiciones sobre protecci\u00f3n de datos personales, aceptando y consintiendo el tratamiento de&nbsp;los mismos&nbsp;por parte de LA EMPRESA, en la forma y para las finalidades indicadas en la presente Pol\u00edtica de Privacidad.<\/em><em><\/em><\/p>","protected":false},"excerpt":{"rendered":"<p>POLITICA DE COOKIES Una&nbsp;cookie&nbsp;es un peque\u00f1o fichero de texto que se almacena en su navegador cuando visita casi cualquier p\u00e1gina web. Su utilidad es que la web sea capaz de recordar su visita cuando vuelva a navegar por esa p\u00e1gina. Las&nbsp;cookies&nbsp;suelen almacenar informaci\u00f3n de car\u00e1cter t\u00e9cnico, preferencias personales, personalizaci\u00f3n de contenidos, estad\u00edsticas de uso, enlaces&#8230;<\/p>\n","protected":false},"author":1,"featured_media":0,"parent":0,"menu_order":0,"comment_status":"closed","ping_status":"closed","template":"","meta":{"_acf_changed":false,"_kad_post_transparent":"","_kad_post_title":"","_kad_post_layout":"","_kad_post_sidebar_id":"","_kad_post_content_style":"","_kad_post_vertical_padding":"","_kad_post_feature":"","_kad_post_feature_position":"","_kad_post_header":false,"_kad_post_footer":false,"footnotes":""},"acf":[],"_links":{"self":[{"href":"https:\/\/hybridgo.es\/store\/wp-json\/wp\/v2\/pages\/2458"}],"collection":[{"href":"https:\/\/hybridgo.es\/store\/wp-json\/wp\/v2\/pages"}],"about":[{"href":"https:\/\/hybridgo.es\/store\/wp-json\/wp\/v2\/types\/page"}],"author":[{"embeddable":true,"href":"https:\/\/hybridgo.es\/store\/wp-json\/wp\/v2\/users\/1"}],"replies":[{"embeddable":true,"href":"https:\/\/hybridgo.es\/store\/wp-json\/wp\/v2\/comments?post=2458"}],"version-history":[{"count":1,"href":"https:\/\/hybridgo.es\/store\/wp-json\/wp\/v2\/pages\/2458\/revisions"}],"predecessor-version":[{"id":2459,"href":"https:\/\/hybridgo.es\/store\/wp-json\/wp\/v2\/pages\/2458\/revisions\/2459"}],"wp:attachment":[{"href":"https:\/\/hybridgo.es\/store\/wp-json\/wp\/v2\/media?parent=2458"}],"curies":[{"name":"wp","href":"https:\/\/api.w.org\/{rel}","templated":true}]}}