{"id":2218,"date":"2017-05-06T09:54:53","date_gmt":"2017-05-06T08:54:53","guid":{"rendered":"http:\/\/store.bikesbcn.com\/tienda\/store-hybridgo\/hygo-metro-2\/"},"modified":"2023-05-15T17:27:46","modified_gmt":"2023-05-15T15:27:46","slug":"hygo-metro-2","status":"publish","type":"product","link":"https:\/\/hybridgo.es\/store\/tienda\/store-hybridgo\/hygo-metro-2\/","title":{"rendered":"HyGO Metro"},"content":{"rendered":"<div class=\"table-responsive\">\n<table class=\"table table-hover\">\n<thead>\n<tr>\n<td>Motor<\/td>\n<td>250W sin escobillas<\/td>\n<\/tr>\n<tr>\n<td>Bater\u00eda<\/td>\n<td>360000mW<\/td>\n<\/tr>\n<tr>\n<td>Cuadro<\/td>\n<td>Plegable Aleaci\u00f3n de Aluminio y Magnesio<\/td>\n<\/tr>\n<tr>\n<td>ECU<\/td>\n<td>HybridSystem EN15194 Potencia Max.500W<\/td>\n<\/tr>\n<tr>\n<td>Velocidad Max.<\/td>\n<td>Limitada a 25 Km\/h<\/td>\n<\/tr>\n<tr>\n<td>Autonom\u00eda<\/td>\n<td>55 km (pudiendo variar dependiendo del uso)<\/td>\n<\/tr>\n<tr>\n<td>Tiempo de carga<\/td>\n<td>4-6 horas<\/td>\n<\/tr>\n<tr>\n<td>Peso Neto<\/td>\n<td>17,6 kg + 2,25 kg bateria<\/td>\n<\/tr>\n<tr>\n<td>Dimensiones aprox.<\/td>\n<td>140X95X66cm Plegada (45X65X40cm.)<\/td>\n<\/tr>\n<tr>\n<td>Ruedas<\/td>\n<td>12&#8243; Aleaci\u00f3n Aluminio<\/td>\n<\/tr>\n<tr>\n<td>Carga M\u00e1xima<\/td>\n<td>80 Kg<\/td>\n<\/tr>\n<tr>\n<td>Frenos (delantero \/ trasero)<\/td>\n<td>Disco \/ Disco<\/td>\n<\/tr>\n<tr>\n<td>Cambio<\/td>\n<td>Singel speed<\/td>\n<\/tr>\n<tr>\n<td>Sill\u00edn<\/td>\n<td>Prostatico con suspension<\/td>\n<\/tr>\n<tr>\n<td>Suspensi\u00f3n<\/td>\n<td>Delantera\/Central<\/td>\n<\/tr>\n<tr>\n<td>Concepci\u00f3n<\/td>\n<td>Circuito Urbano<\/td>\n<\/tr>\n<\/thead>\n<\/table>\n<table class=\"table table-hover\">\n<thead>\n<tr>\n<th>Accesorios Incluidos<\/th>\n<th><\/th>\n<\/tr>\n<\/thead>\n<tbody>\n<tr>\n<td>Guardabarros<\/td>\n<td>Delantero y Trasero deformables<\/td>\n<\/tr>\n<tr>\n<td>Neum\u00e1ticos<\/td>\n<td>Effizient Ebike<\/td>\n<\/tr>\n<tr>\n<td>Controlador<\/td>\n<td>5 velocidades digital<\/td>\n<\/tr>\n<tr>\n<td>Pedales<\/td>\n<td>Plegables<\/td>\n<\/tr>\n<tr>\n<td>Iluminaci\u00f3n<\/td>\n<td>Led Del\/Trasera<\/td>\n<\/tr>\n<tr>\n<td>Pata Lateral<\/td>\n<td>Aluminio<\/td>\n<\/tr>\n<\/tbody>\n<\/table>\n<\/div>\n","protected":false},"excerpt":{"rendered":"<h1 class=\"title blue-title\">The Metro<\/h1>\n<h3 class=\"title-description\">La revoluci\u00f3n llega a la metr\u00f3polis<\/h3>\n<div class=\"page-description\">\n<p>La\u00a0<a>HyGO Metro<\/a> representa una nueva vuelta de tuerca al concepto de movilidad urbana. Capaz de elevar hasta el m\u00e1ximo exponente la compatibilidad entre los desplazamientos en transporte p\u00fablico y trayectos en bicicletas, rompe as\u00ed barreras como la distancia o la portabilidad. F\u00e1cilmente plegable, compacta, \u00e1gil, vers\u00e1til e incre\u00edblemente ligera. Una aut\u00e9ntica revoluci\u00f3n.<\/p>\n<\/div>\n<p>&nbsp;<\/p>\n","protected":false},"featured_media":2747,"template":"","meta":{"_acf_changed":false,"_kad_post_transparent":"default","_kad_post_title":"","_kad_post_layout":"default","_kad_post_sidebar_id":"","_kad_post_content_style":"default","_kad_post_vertical_padding":"default","_kad_post_feature":"","_kad_post_feature_position":"","_kad_post_header":false,"_kad_post_footer":false},"product_cat":[76],"product_tag":[62],"acf":[],"_links":{"self":[{"href":"https:\/\/hybridgo.es\/store\/wp-json\/wp\/v2\/product\/2218"}],"collection":[{"href":"https:\/\/hybridgo.es\/store\/wp-json\/wp\/v2\/product"}],"about":[{"href":"https:\/\/hybridgo.es\/store\/wp-json\/wp\/v2\/types\/product"}],"wp:featuredmedia":[{"embeddable":true,"href":"https:\/\/hybridgo.es\/store\/wp-json\/wp\/v2\/media\/2747"}],"wp:attachment":[{"href":"https:\/\/hybridgo.es\/store\/wp-json\/wp\/v2\/media?parent=2218"}],"wp:term":[{"taxonomy":"product_cat","embeddable":true,"href":"https:\/\/hybridgo.es\/store\/wp-json\/wp\/v2\/product_cat?post=2218"},{"taxonomy":"product_tag","embeddable":true,"href":"https:\/\/hybridgo.es\/store\/wp-json\/wp\/v2\/product_tag?post=2218"}],"curies":[{"name":"wp","href":"https:\/\/api.w.org\/{rel}","templated":true}]}}