{"id":2222,"date":"2017-05-06T15:50:09","date_gmt":"2017-05-06T14:50:09","guid":{"rendered":"http:\/\/store.bikesbcn.com\/tienda\/store-hybridgo\/hygo-village-2\/"},"modified":"2023-05-15T17:26:58","modified_gmt":"2023-05-15T15:26:58","slug":"hygo-village","status":"publish","type":"product","link":"https:\/\/hybridgo.es\/store\/tienda\/store-hybridgo\/hygo-village\/","title":{"rendered":"HyGO Village MK3"},"content":{"rendered":"<div class=\"table-responsive\">\n<table class=\"table table-hover\">\n<thead>\n<tr>\n<th>HyGO Village<\/th>\n<th><\/th>\n<\/tr>\n<\/thead>\n<tbody>\n<tr>\n<td>Motor<\/td>\n<td>250W sin escobillas<\/td>\n<\/tr>\n<tr>\n<td>Bater\u00eda<\/td>\n<td>SAMSUNG 360000mW<\/td>\n<\/tr>\n<tr>\n<td>Cuadro<\/td>\n<td>Plegable Aleaci\u00f3n de Aluminio doble Suspensi\u00f3n<\/td>\n<\/tr>\n<tr>\n<td>ECU<\/td>\n<td>HybridSystem EN15194 Potencia Max.500W<\/td>\n<\/tr>\n<tr>\n<td>Velocidad Max.<\/td>\n<td>Limitada a 25 Km\/h<\/td>\n<\/tr>\n<tr>\n<td>Autonom\u00eda<\/td>\n<td>Hasta 100 km (pudiendo variar dependiendo del uso)<\/td>\n<\/tr>\n<tr>\n<td>Tiempo de carga<\/td>\n<td>4-6 horas<\/td>\n<\/tr>\n<tr>\n<td>Peso Neto<\/td>\n<td>17,6 kg + 2,25 kg bateria<\/td>\n<\/tr>\n<tr>\n<td>Dimensiones aprox.<\/td>\n<td>163X100X66cm Plegada (85X80X40cm.)<\/td>\n<\/tr>\n<tr>\n<td>Ruedas<\/td>\n<td>De radios con llanta de Aleaci\u00f3n Aluminio doble pared.<\/td>\n<\/tr>\n<tr>\n<td>Carga M\u00e1xima<\/td>\n<td>90 Kg<\/td>\n<\/tr>\n<tr>\n<td>Frenos (delantero \/ trasero)<\/td>\n<td>Disco \/ Disco Hidraulicos HybridSystem<\/td>\n<\/tr>\n<tr>\n<td>Cambio<\/td>\n<td>SHIMANO 7 velocidades<\/td>\n<\/tr>\n<tr>\n<td>Sill\u00edn<\/td>\n<td>VELO Prostatico con suspension<\/td>\n<\/tr>\n<tr>\n<td>Suspensi\u00f3n<\/td>\n<td>Delantera SRSuntour XCT \/Trasera resorte regulable<\/td>\n<\/tr>\n<tr>\n<td>Concepci\u00f3n<\/td>\n<td>Circuito Urbano<\/td>\n<\/tr>\n<\/tbody>\n<\/table>\n<table class=\"table table-hover\">\n<thead>\n<tr>\n<th>Accesorios Incluidos<\/th>\n<th><\/th>\n<\/tr>\n<\/thead>\n<tbody>\n<tr>\n<td>Guardabarros<\/td>\n<td>Delantero y Trasero deformables<\/td>\n<\/tr>\n<tr>\n<td>Transport\u00edn<\/td>\n<td>Load Max 25kg<\/td>\n<\/tr>\n<tr>\n<td>Neum\u00e1ticos<\/td>\n<td>KENDA 20&#8243; 1.75 Effizient Ebike<\/td>\n<\/tr>\n<tr>\n<td>Controlador<\/td>\n<td>9 velocidades digital<\/td>\n<\/tr>\n<tr>\n<td>Pedales<\/td>\n<td>Plegables WELLGO<\/td>\n<\/tr>\n<tr>\n<td>Iluminaci\u00f3n<\/td>\n<td>Led Del\/Trasera<\/td>\n<\/tr>\n<tr>\n<td>Protector<\/td>\n<td>Desviador cambio<\/td>\n<\/tr>\n<tr>\n<td>Pata Lateral<\/td>\n<td>Aluminio<\/td>\n<\/tr>\n<\/tbody>\n<\/table>\n<\/div>\n","protected":false},"excerpt":{"rendered":"<h1 class=\"title blue-title\">The Village<\/h1>\n<h3 class=\"title-description\">El confort nunca hab\u00eda sido tan urbano<\/h3>\n<div class=\"page-description\">\n<p>La\u00a0<a>HyGO Village<\/a> apuesta por el compromiso entre versatilidad, movilidad y eficiencia. Una bicicleta con un dise\u00f1o altamente estudiado, combinando su ligereza con un tama\u00f1o de rueda optimizado, una estructura plegable y un puesto de conducci\u00f3n excelente para mantener confort y practicidad a unos niveles dif\u00edcilmente igualables.<\/p>\n<\/div>\n","protected":false},"featured_media":2730,"template":"","meta":{"_acf_changed":false,"_kad_post_transparent":"default","_kad_post_title":"","_kad_post_layout":"default","_kad_post_sidebar_id":"","_kad_post_content_style":"default","_kad_post_vertical_padding":"default","_kad_post_feature":"","_kad_post_feature_position":"","_kad_post_header":false,"_kad_post_footer":false},"product_cat":[76],"product_tag":[],"acf":[],"_links":{"self":[{"href":"https:\/\/hybridgo.es\/store\/wp-json\/wp\/v2\/product\/2222"}],"collection":[{"href":"https:\/\/hybridgo.es\/store\/wp-json\/wp\/v2\/product"}],"about":[{"href":"https:\/\/hybridgo.es\/store\/wp-json\/wp\/v2\/types\/product"}],"wp:featuredmedia":[{"embeddable":true,"href":"https:\/\/hybridgo.es\/store\/wp-json\/wp\/v2\/media\/2730"}],"wp:attachment":[{"href":"https:\/\/hybridgo.es\/store\/wp-json\/wp\/v2\/media?parent=2222"}],"wp:term":[{"taxonomy":"product_cat","embeddable":true,"href":"https:\/\/hybridgo.es\/store\/wp-json\/wp\/v2\/product_cat?post=2222"},{"taxonomy":"product_tag","embeddable":true,"href":"https:\/\/hybridgo.es\/store\/wp-json\/wp\/v2\/product_tag?post=2222"}],"curies":[{"name":"wp","href":"https:\/\/api.w.org\/{rel}","templated":true}]}}