{"id":2256,"date":"2018-01-07T16:40:48","date_gmt":"2018-01-07T15:40:48","guid":{"rendered":"http:\/\/store.bikesbcn.com\/tienda\/store-hybridgo\/hygo-bigfold-2\/"},"modified":"2023-05-15T17:41:59","modified_gmt":"2023-05-15T15:41:59","slug":"hygo-bigfold-2","status":"publish","type":"product","link":"https:\/\/hybridgo.es\/store\/tienda\/store-hybridgo\/hygo-bigfold-2\/","title":{"rendered":"HyGO BigFold"},"content":{"rendered":"<table class=\"table table-hover container\">\n<thead>\n<tr>\n<th class=\"span6\">HyGO Bigfold<\/th>\n<th class=\"span6\"><\/th>\n<\/tr>\n<\/thead>\n<tbody>\n<tr>\n<td>Motor<\/td>\n<td>250W sin escobillas<\/td>\n<\/tr>\n<tr>\n<td>Bater\u00eda<\/td>\n<td>360000mW<\/td>\n<\/tr>\n<tr>\n<td>Cuadro<\/td>\n<td>Plegable Aleaci\u00f3n de Aluminio<\/td>\n<\/tr>\n<tr>\n<td>ECU<\/td>\n<td>HybridSystem EN15194 Potencia Max.500W<\/td>\n<\/tr>\n<tr>\n<td>Velocidad Max.<\/td>\n<td>Limitada a 25 Km\/h<\/td>\n<\/tr>\n<tr>\n<td>Autonom\u00eda\\t<\/td>\n<td>55 km (pudiendo variar dependiendo del uso)<\/td>\n<\/tr>\n<tr>\n<td>Tiempo de carga<\/td>\n<td>4-6 horas<\/td>\n<\/tr>\n<tr>\n<td>Peso Neto<\/td>\n<td>20,6 kg + 2,25 kg bateria<\/td>\n<\/tr>\n<tr>\n<td>Dimensiones aprox.<\/td>\n<td>190X110X66cm Plegada (95X110X40cm.)<\/td>\n<\/tr>\n<tr>\n<td>Ruedas<\/td>\n<td>26&#8243; Aleaci\u00f3n Aluminio doble pared<\/td>\n<\/tr>\n<tr>\n<td>Carga M\u00e1xima<\/td>\n<td>90 Kg<\/td>\n<\/tr>\n<tr>\n<td>Frenos (delantero \/ trasero)<\/td>\n<td>Disco ZOOM\/ V-Brake TEKTRO<\/td>\n<\/tr>\n<tr>\n<td>Cambio<\/td>\n<td>SHIMANO 6 velocidades<\/td>\n<\/tr>\n<tr>\n<td>Sill\u00edn<\/td>\n<td>Confortable con suspension<\/td>\n<\/tr>\n<tr>\n<td>Suspensi\u00f3n<\/td>\n<td>Delantera Regulable<\/td>\n<\/tr>\n<tr>\n<td>Concepci\u00f3n<\/td>\n<td>Circuito Urbano<\/td>\n<\/tr>\n<\/tbody>\n<\/table>\n<table class=\"table table-hover container\">\n<thead>\n<tr>\n<th class=\"span6\">Accesorios Incluidos<\/th>\n<th class=\"span6\"><\/th>\n<\/tr>\n<\/thead>\n<tbody>\n<tr>\n<td>Guardabarros<\/td>\n<td>Delantero y Trasero deformables<\/td>\n<\/tr>\n<tr>\n<td>Transport\u00edn<\/td>\n<td>Aluminio Load Max 25kg<\/td>\n<\/tr>\n<tr>\n<td>Neum\u00e1ticos<\/td>\n<td>KENDA 1.75 Effizient Ebike<\/td>\n<\/tr>\n<tr>\n<td>Controlador<\/td>\n<td>5 velocidades digital<\/td>\n<\/tr>\n<tr>\n<td>Pedales<\/td>\n<td>Plegables WELLGO<\/td>\n<\/tr>\n<tr>\n<td>Iluminaci\u00f3n<\/td>\n<td>Led Del\/Trasera<\/td>\n<\/tr>\n<tr>\n<td>Protector<\/td>\n<td>Desviador cambio<\/td>\n<\/tr>\n<tr>\n<td>Pata Lateral<\/td>\n<td>Aluminio<\/td>\n<\/tr>\n<\/tbody>\n<\/table>\n<table class=\"table table-hover container\">\n<thead>\n<tr>\n<th class=\"span6\">Accesorios Opcionales<\/th>\n<th class=\"span6\"><\/th>\n<\/tr>\n<\/thead>\n<tbody>\n<tr>\n<td>Potencia manillar<\/td>\n<td>Ajustable en altura y profundidad<\/td>\n<\/tr>\n<tr>\n<td>Tija con suspensi\u00f3n<\/td>\n<td>Regulable<\/td>\n<\/tr>\n<tr>\n<td>Freno Hidr\u00e1ulico<\/td>\n<td>ZOOM (solo en rueda delantera)<\/td>\n<\/tr>\n<\/tbody>\n<\/table>\n<div class=\"table-responsive\"><\/div>\n","protected":false},"excerpt":{"rendered":"<h1 class=\"title blue-title\">The BigFold<\/h1>\n<h3 class=\"title-description\">La primera 26&#8243; plegable del mercado<\/h3>\n<div class=\"page-description\">\n<p>La\u00a0<a>HyGO BigFold<\/a>\u00a0es la primera bicicleta el\u00e9ctrica plegable del mercado con rueda de 26&#8243;, con una posici\u00f3n de conducci\u00f3n dominante sobre el tr\u00e1fico urbano, una rueda grande en aras de la estabilidad y la seguridad y un cuadro plegable para esconderla en cualquier rinc\u00f3n.<\/p>\n<\/div>\n","protected":false},"featured_media":2740,"template":"","meta":{"_acf_changed":false,"_kad_post_transparent":"default","_kad_post_title":"","_kad_post_layout":"default","_kad_post_sidebar_id":"","_kad_post_content_style":"default","_kad_post_vertical_padding":"default","_kad_post_feature":"","_kad_post_feature_position":"","_kad_post_header":false,"_kad_post_footer":false},"product_cat":[76],"product_tag":[],"acf":[],"_links":{"self":[{"href":"https:\/\/hybridgo.es\/store\/wp-json\/wp\/v2\/product\/2256"}],"collection":[{"href":"https:\/\/hybridgo.es\/store\/wp-json\/wp\/v2\/product"}],"about":[{"href":"https:\/\/hybridgo.es\/store\/wp-json\/wp\/v2\/types\/product"}],"wp:featuredmedia":[{"embeddable":true,"href":"https:\/\/hybridgo.es\/store\/wp-json\/wp\/v2\/media\/2740"}],"wp:attachment":[{"href":"https:\/\/hybridgo.es\/store\/wp-json\/wp\/v2\/media?parent=2256"}],"wp:term":[{"taxonomy":"product_cat","embeddable":true,"href":"https:\/\/hybridgo.es\/store\/wp-json\/wp\/v2\/product_cat?post=2256"},{"taxonomy":"product_tag","embeddable":true,"href":"https:\/\/hybridgo.es\/store\/wp-json\/wp\/v2\/product_tag?post=2256"}],"curies":[{"name":"wp","href":"https:\/\/api.w.org\/{rel}","templated":true}]}}