{"id":2554,"date":"2021-10-06T09:40:46","date_gmt":"2021-10-06T07:40:46","guid":{"rendered":"https:\/\/hybridgo.es\/store\/?post_type=product&#038;p=2554"},"modified":"2023-05-15T17:23:35","modified_gmt":"2023-05-15T15:23:35","slug":"village-plus","status":"publish","type":"product","link":"https:\/\/hybridgo.es\/store\/tienda\/store-hybridgo\/village-plus\/","title":{"rendered":"Village Plus"},"content":{"rendered":"<div class=\"table-responsive\">\n<table class=\"table table-hover\">\n<thead>\n<tr>\n<th>HyGO Village Plus<\/th>\n<th><\/th>\n<\/tr>\n<\/thead>\n<tbody>\n<tr>\n<td>Motor<\/td>\n<td>250W sin escobillas<\/td>\n<\/tr>\n<tr>\n<td>Bater\u00eda<\/td>\n<td>SAMSUNG 360000mW<\/td>\n<\/tr>\n<tr>\n<td>Cuadro<\/td>\n<td>Plegable de Aleaci\u00f3n de Aluminio con doble suspensi\u00f3n<\/td>\n<\/tr>\n<tr>\n<td>ECU<\/td>\n<td>HybridSystem EN15194 Potencia Max.500W<\/td>\n<\/tr>\n<tr>\n<td>Velocidad Max.<\/td>\n<td>25 Km\/h<\/td>\n<\/tr>\n<tr>\n<td>Autonom\u00eda<\/td>\n<td>Hasta 100 km (pudiendo variar dependiendo del uso)<\/td>\n<\/tr>\n<tr>\n<td>Tiempo de carga<\/td>\n<td>4-6 horas<\/td>\n<\/tr>\n<tr>\n<td>Peso Neto<\/td>\n<td>17,6 kg + 2,25 kg bateria<\/td>\n<\/tr>\n<tr>\n<td>Dimensiones aprox.<\/td>\n<td>163X100X66cm Plegada (85X80X40cm.)<\/td>\n<\/tr>\n<tr>\n<td>Ruedas<\/td>\n<td>De radios con llanta de aleaci\u00f3n aluminio con doble pared<\/td>\n<\/tr>\n<tr>\n<td>Carga M\u00e1xima<\/td>\n<td>100 Kg<\/td>\n<\/tr>\n<tr>\n<td>Frenos (delantero \/ trasero)<\/td>\n<td>Disco hidr\u00e1ulico \/ Disco hidr\u00e1ulico<\/td>\n<\/tr>\n<tr>\n<td>Cambio<\/td>\n<td>SHIMANO 7V. TX 50 &#8211; TY 500<\/td>\n<\/tr>\n<tr>\n<td>Sill\u00edn<\/td>\n<td>VELO Confortable &#8211; Anti prost\u00e1tico<\/td>\n<\/tr>\n<tr>\n<td>Suspensi\u00f3n<\/td>\n<td>Delantera SR SUNTOUR XCT regulable \/ Trasera neum\u00e1tica EXA A5 regulable<\/td>\n<\/tr>\n<tr>\n<td>Concepci\u00f3n<\/td>\n<td>Circuito mixto (asfalto\/pista)<\/td>\n<\/tr>\n<\/tbody>\n<\/table>\n<table class=\"table table-hover\">\n<thead>\n<tr>\n<th>Accesorios Incluidos<\/th>\n<th><\/th>\n<\/tr>\n<\/thead>\n<tbody>\n<tr>\n<td>Guardabarros<\/td>\n<td>Delantero y Trasero deformables<\/td>\n<\/tr>\n<tr>\n<td>Transport\u00edn<\/td>\n<td>Load Max 25kg<\/td>\n<\/tr>\n<tr>\n<td>Neum\u00e1ticos<\/td>\n<td>Michelin COUNTRY 1.75<\/td>\n<\/tr>\n<tr>\n<td>Controlador<\/td>\n<td>9 velocidades digital (Opcional SmartBike)<\/td>\n<\/tr>\n<tr>\n<td>Pedales<\/td>\n<td>Plegables WELLGO<\/td>\n<\/tr>\n<tr>\n<td>Iluminaci\u00f3n<\/td>\n<td>Led Del\/Trasera<\/td>\n<\/tr>\n<tr>\n<td>Protector<\/td>\n<td>Desviador cambio<\/td>\n<\/tr>\n<tr>\n<td>Pata Lateral<\/td>\n<td>Aluminio<\/td>\n<\/tr>\n<tr>\n<th>Accesorios Opcionales<\/th>\n<th><\/th>\n<\/tr>\n<\/tbody>\n<tbody>\n<tr>\n<td>Alarma<\/td>\n<td>Con des\/activaci\u00f3n remota y localizador GPS<\/td>\n<\/tr>\n<tr>\n<td>Inmovilizador<\/td>\n<td>Escamoteable alta seguridad<\/td>\n<\/tr>\n<\/tbody>\n<\/table>\n<\/div>\n","protected":false},"excerpt":{"rendered":"<h1 class=\"title blue-title\">The Village\u00a0Plus<\/h1>\n<h3 class=\"title-description\">Explorando nuevos caminos<\/h3>\n<div class=\"page-description\">\n<p>La\u00a0<a>HyGO Village Plus<\/a>\u00a0es un verdadero portento tecnol\u00f3gico. Hemos decidido llevar el sector que fundamos y desarrollamos durante los \u00faltimos a\u00f1os, las\u00a0<a>All-Fold<\/a>, al extremo de lo funcional, a la m\u00e1s absoluta vanguardia del sector. Una bicicleta plegable, con geometr\u00eda optimizada para uso off-road, kit de suspensi\u00f3n neum\u00e1tica, neum\u00e1ticos plurisuperf\u00edcie\u00a0<a>Michelin<\/a>, frenos hidr\u00e1ulicos\u00a0<a>HybridSystem<\/a>, y la guinda: Si lo desea totalmente manejable desde su dispositivo\u00a0<a>m\u00f3vil<\/a>, tanto el controlador como la alarma.<\/p>\n<p>Busque el rinc\u00f3n del continente m\u00e1s remoto e inh\u00f3spito que pueda desear recorrer, y all\u00e1 donde termine la carretera, despliegue su Village Plus y quebrante las fronteras.<\/p>\n<\/div>\n","protected":false},"featured_media":2751,"template":"","meta":{"_acf_changed":false,"_kad_post_transparent":"default","_kad_post_title":"","_kad_post_layout":"default","_kad_post_sidebar_id":"","_kad_post_content_style":"default","_kad_post_vertical_padding":"default","_kad_post_feature":"","_kad_post_feature_position":"","_kad_post_header":false,"_kad_post_footer":false},"product_cat":[76],"product_tag":[],"acf":[],"_links":{"self":[{"href":"https:\/\/hybridgo.es\/store\/wp-json\/wp\/v2\/product\/2554"}],"collection":[{"href":"https:\/\/hybridgo.es\/store\/wp-json\/wp\/v2\/product"}],"about":[{"href":"https:\/\/hybridgo.es\/store\/wp-json\/wp\/v2\/types\/product"}],"wp:featuredmedia":[{"embeddable":true,"href":"https:\/\/hybridgo.es\/store\/wp-json\/wp\/v2\/media\/2751"}],"wp:attachment":[{"href":"https:\/\/hybridgo.es\/store\/wp-json\/wp\/v2\/media?parent=2554"}],"wp:term":[{"taxonomy":"product_cat","embeddable":true,"href":"https:\/\/hybridgo.es\/store\/wp-json\/wp\/v2\/product_cat?post=2554"},{"taxonomy":"product_tag","embeddable":true,"href":"https:\/\/hybridgo.es\/store\/wp-json\/wp\/v2\/product_tag?post=2554"}],"curies":[{"name":"wp","href":"https:\/\/api.w.org\/{rel}","templated":true}]}}