{"id":2807,"date":"2023-05-08T18:49:32","date_gmt":"2023-05-08T16:49:32","guid":{"rendered":"https:\/\/hybridgo.es\/store\/?post_type=product&#038;p=2807"},"modified":"2023-05-16T12:53:11","modified_gmt":"2023-05-16T10:53:11","slug":"hygo-avenue","status":"publish","type":"product","link":"https:\/\/hybridgo.es\/store\/tienda\/store-hybridgo\/hygo-avenue\/","title":{"rendered":"HyGo Avenue"},"content":{"rendered":"<table class=\"table table-hover\">\n<thead>\n<tr>\n<th>HyGO AVENUE<\/th>\n<th><\/th>\n<\/tr>\n<\/thead>\n<tbody>\n<tr>\n<td>Motor<\/td>\n<td>250W sin escobillas<\/td>\n<\/tr>\n<tr>\n<td>Bater\u00eda<\/td>\n<td>240000mW<\/td>\n<\/tr>\n<tr>\n<td>Cuadro<\/td>\n<td>Plegable Aleaci\u00f3n de Aluminio<\/td>\n<\/tr>\n<tr>\n<td>ECU<\/td>\n<td>HybridSystem EN15194 Potencia Max.400W<\/td>\n<\/tr>\n<tr>\n<td>Velocidad Max.<\/td>\n<td>Limitada a 25 Km\/h<\/td>\n<\/tr>\n<tr>\n<td>Autonom\u00eda<\/td>\n<td>51 km (pudiendo variar dependiendo del uso)<\/td>\n<\/tr>\n<tr>\n<td>Tiempo de carga<\/td>\n<td>4-6 horas<\/td>\n<\/tr>\n<tr>\n<td>Peso Neto<\/td>\n<td>17,6 kg + 2,5 kg bateria<\/td>\n<\/tr>\n<tr>\n<td>Dimensiones aprox.<\/td>\n<td>160X100X66cm Plegada (85X67X40cm.)<\/td>\n<\/tr>\n<tr>\n<td>Ruedas<\/td>\n<td>20&#8243; Aleaci\u00f3n Aluminio doble pared<\/td>\n<\/tr>\n<tr>\n<td>Carga M\u00e1xima<\/td>\n<td>90 Kg<\/td>\n<\/tr>\n<tr>\n<td>Frenos (delantero \/ trasero)<\/td>\n<td>V-Brake \/ V-Brake TEKTRO<\/td>\n<\/tr>\n<tr>\n<td>Cambio<\/td>\n<td>SHIMANO 6 velocidades<\/td>\n<\/tr>\n<tr>\n<td>Sill\u00edn<\/td>\n<td>Confortable<\/td>\n<\/tr>\n<tr>\n<td>Concepci\u00f3n<\/td>\n<td>Circuito Urbano<\/td>\n<\/tr>\n<\/tbody>\n<\/table>\n<table class=\"table table-hover\">\n<thead>\n<tr>\n<th>Accesorios Incluidos<\/th>\n<th><\/th>\n<\/tr>\n<\/thead>\n<tbody>\n<tr>\n<td>Guardabarros<\/td>\n<td>Delantero y Trasero deformables<\/td>\n<\/tr>\n<tr>\n<td>Transport\u00edn<\/td>\n<td>Aluminio Load Max 25kg<\/td>\n<\/tr>\n<tr>\n<td>Neum\u00e1ticos<\/td>\n<td>KENDA 1.5 K WEST<\/td>\n<\/tr>\n<tr>\n<td>Controlador<\/td>\n<td>5 velocidades digital<\/td>\n<\/tr>\n<tr>\n<td>Pedales<\/td>\n<td>Plegables WELLGO<\/td>\n<\/tr>\n<tr>\n<td>Iluminaci\u00f3n<\/td>\n<td>Led Del\/Trasera<\/td>\n<\/tr>\n<tr>\n<td>Protector<\/td>\n<td>Desviador cambio<\/td>\n<\/tr>\n<tr>\n<td>Tija sillin<\/td>\n<td>Plegable<\/td>\n<\/tr>\n<tr>\n<td>Pata<\/td>\n<td>Lateral<\/td>\n<\/tr>\n<\/tbody>\n<\/table>\n","protected":false},"excerpt":{"rendered":"<h1 class=\"title blue-title\">The Avenue<\/h1>\n<h3 class=\"title-description\">Como una pluma<\/h3>\n<div class=\"page-description\">\n<p>La ligereza ha descubierto una nueva forma de viajar. Durante meses nuestros ingenieros han estado trabajando en un nuevo modelo que supliese no s\u00f3lo las necesidades de aquellos que necesitan desplazarse c\u00f3modos y seguros, sino tambi\u00e9n r\u00e1pidos y ligeros. Con pesos m\u00e1s propios de una bicicleta plegable convencional que no una h\u00edbrida, la\u00a0<a>HyGO Avenue<\/a>\u00a0ha llegado para quedarse.<\/p>\n<\/div>\n","protected":false},"featured_media":2737,"template":"","meta":{"_acf_changed":false,"_kad_post_transparent":"default","_kad_post_title":"","_kad_post_layout":"default","_kad_post_sidebar_id":"","_kad_post_content_style":"default","_kad_post_vertical_padding":"default","_kad_post_feature":"","_kad_post_feature_position":"","_kad_post_header":false,"_kad_post_footer":false},"product_cat":[76],"product_tag":[],"acf":[],"_links":{"self":[{"href":"https:\/\/hybridgo.es\/store\/wp-json\/wp\/v2\/product\/2807"}],"collection":[{"href":"https:\/\/hybridgo.es\/store\/wp-json\/wp\/v2\/product"}],"about":[{"href":"https:\/\/hybridgo.es\/store\/wp-json\/wp\/v2\/types\/product"}],"wp:featuredmedia":[{"embeddable":true,"href":"https:\/\/hybridgo.es\/store\/wp-json\/wp\/v2\/media\/2737"}],"wp:attachment":[{"href":"https:\/\/hybridgo.es\/store\/wp-json\/wp\/v2\/media?parent=2807"}],"wp:term":[{"taxonomy":"product_cat","embeddable":true,"href":"https:\/\/hybridgo.es\/store\/wp-json\/wp\/v2\/product_cat?post=2807"},{"taxonomy":"product_tag","embeddable":true,"href":"https:\/\/hybridgo.es\/store\/wp-json\/wp\/v2\/product_tag?post=2807"}],"curies":[{"name":"wp","href":"https:\/\/api.w.org\/{rel}","templated":true}]}}